{"id":668,"date":"2021-08-30T10:35:04","date_gmt":"2021-08-30T08:35:04","guid":{"rendered":"http:\/\/villateresa.bio\/info-legali\/"},"modified":"2024-11-28T12:08:45","modified_gmt":"2024-11-28T11:08:45","slug":"info-legali","status":"publish","type":"page","link":"https:\/\/villateresa.bio\/de\/info-legali\/","title":{"rendered":"Info legali"},"content":{"rendered":"\t\t<div data-elementor-type=\"wp-page\" data-elementor-id=\"668\" class=\"elementor elementor-668 elementor-439\" data-elementor-post-type=\"page\">\n\t\t\t\t\t\t<section class=\"elementor-section elementor-top-section elementor-element elementor-element-44afd9b elementor-section-full_width elementor-section-height-min-height elementor-section-content-bottom elementor-hidden-tablet elementor-hidden-mobile elementor-section-height-default elementor-section-items-middle\" data-id=\"44afd9b\" data-element_type=\"section\" data-e-type=\"section\" data-settings=\"{&quot;background_background&quot;:&quot;classic&quot;}\">\n\t\t\t\t\t\t\t<div class=\"elementor-background-overlay\"><\/div>\n\t\t\t\t\t\t\t<div class=\"elementor-container elementor-column-gap-no\">\n\t\t\t\t\t<div class=\"elementor-column elementor-col-100 elementor-top-column elementor-element elementor-element-b6bed1c\" data-id=\"b6bed1c\" data-element_type=\"column\" data-e-type=\"column\">\n\t\t\t<div class=\"elementor-widget-wrap elementor-element-populated\">\n\t\t\t\t\t\t<section class=\"elementor-section elementor-inner-section elementor-element elementor-element-f4ce740 elementor-section-content-bottom elementor-section-boxed elementor-section-height-default elementor-section-height-default\" data-id=\"f4ce740\" data-element_type=\"section\" data-e-type=\"section\">\n\t\t\t\t\t\t<div class=\"elementor-container elementor-column-gap-default\">\n\t\t\t\t\t<div class=\"elementor-column elementor-col-50 elementor-inner-column elementor-element elementor-element-3e79bef\" data-id=\"3e79bef\" data-element_type=\"column\" data-e-type=\"column\">\n\t\t\t<div class=\"elementor-widget-wrap elementor-element-populated\">\n\t\t\t\t\t\t<div class=\"elementor-element elementor-element-78840f6 lingue elementor-absolute elementor-widget elementor-widget-wpml-language-switcher\" data-id=\"78840f6\" data-element_type=\"widget\" data-e-type=\"widget\" data-settings=\"{&quot;_position&quot;:&quot;absolute&quot;}\" data-widget_type=\"wpml-language-switcher.default\">\n\t\t\t\t<div class=\"elementor-widget-container\">\n\t\t\t\t\t<div class=\"wpml-elementor-ls\">\n<div role=\"navigation\" aria-label=\"Sprachwechsler\" class=\"wpml-ls-statics-shortcode_actions wpml-ls wpml-ls-legacy-list-horizontal\">\n\t<ul><li class=\"wpml-ls-slot-shortcode_actions wpml-ls-item wpml-ls-item-it wpml-ls-first-item wpml-ls-item-legacy-list-horizontal\">\n\t\t\t\t<a href=\"https:\/\/villateresa.bio\/\" hreflang=\"it\" lang=\"it\" class=\"wpml-ls-link\" aria-label=\"Wechseln zu IT\" title=\"Wechseln zu IT\">\n\t\t\t\t\t<span class=\"wpml-ls-display\">IT<\/span><\/a>\n\t\t\t<\/li><li class=\"wpml-ls-slot-shortcode_actions wpml-ls-item wpml-ls-item-en wpml-ls-item-legacy-list-horizontal\">\n\t\t\t\t<a href=\"https:\/\/villateresa.bio\/en\/\" hreflang=\"en\" lang=\"en\" class=\"wpml-ls-link\" aria-label=\"Wechseln zu EN\" title=\"Wechseln zu EN\">\n\t\t\t\t\t<span class=\"wpml-ls-display\">EN<\/span><\/a>\n\t\t\t<\/li><li class=\"wpml-ls-slot-shortcode_actions wpml-ls-item wpml-ls-item-de wpml-ls-current-language wpml-ls-last-item wpml-ls-item-legacy-list-horizontal\">\n\t\t\t\t<a href=\"https:\/\/villateresa.bio\/de\/\" hreflang=\"de\" lang=\"de\" class=\"wpml-ls-link\" aria-current=\"page\" aria-label=\"Wechseln zu DE\" title=\"Wechseln zu DE\">\n\t\t\t\t\t<span class=\"wpml-ls-native\">DE<\/span><\/a>\n\t\t\t<\/li><\/ul>\n<\/div>\n<\/div>\t\t\t\t<\/div>\n\t\t\t\t<\/div>\n\t\t\t\t\t<\/div>\n\t\t<\/div>\n\t\t\t\t<div class=\"elementor-column elementor-col-50 elementor-inner-column elementor-element elementor-element-206836c\" data-id=\"206836c\" data-element_type=\"column\" data-e-type=\"column\">\n\t\t\t<div class=\"elementor-widget-wrap elementor-element-populated\">\n\t\t\t\t\t\t<div class=\"elementor-element elementor-element-4e17622 elementor-invisible elementor-widget elementor-widget-heading\" data-id=\"4e17622\" data-element_type=\"widget\" data-e-type=\"widget\" data-settings=\"{&quot;_animation&quot;:&quot;fadeInLeft&quot;}\" data-widget_type=\"heading.default\">\n\t\t\t\t<div class=\"elementor-widget-container\">\n\t\t\t\t\t<h1 class=\"elementor-heading-title elementor-size-default\">Info legali<\/h1>\t\t\t\t<\/div>\n\t\t\t\t<\/div>\n\t\t\t\t\t<\/div>\n\t\t<\/div>\n\t\t\t\t\t<\/div>\n\t\t<\/section>\n\t\t\t\t\t<\/div>\n\t\t<\/div>\n\t\t\t\t\t<\/div>\n\t\t<\/section>\n\t\t\t\t<section class=\"elementor-section elementor-top-section elementor-element elementor-element-a7df127 elementor-hidden-desktop elementor-section-boxed elementor-section-height-default elementor-section-height-default\" data-id=\"a7df127\" data-element_type=\"section\" data-e-type=\"section\" data-settings=\"{&quot;background_background&quot;:&quot;classic&quot;}\">\n\t\t\t\t\t\t<div class=\"elementor-container elementor-column-gap-default\">\n\t\t\t\t\t<div class=\"elementor-column elementor-col-100 elementor-top-column elementor-element elementor-element-ddbc075\" data-id=\"ddbc075\" data-element_type=\"column\" data-e-type=\"column\">\n\t\t\t<div class=\"elementor-widget-wrap elementor-element-populated\">\n\t\t\t\t\t\t<div class=\"elementor-element elementor-element-e854f12 elementor-invisible elementor-widget elementor-widget-heading\" data-id=\"e854f12\" data-element_type=\"widget\" data-e-type=\"widget\" data-settings=\"{&quot;_animation&quot;:&quot;fadeInLeft&quot;}\" data-widget_type=\"heading.default\">\n\t\t\t\t<div class=\"elementor-widget-container\">\n\t\t\t\t\t<h1 class=\"elementor-heading-title elementor-size-default\">Info legali<\/h1>\t\t\t\t<\/div>\n\t\t\t\t<\/div>\n\t\t\t\t\t<\/div>\n\t\t<\/div>\n\t\t\t\t\t<\/div>\n\t\t<\/section>\n\t\t\t\t<section class=\"elementor-section elementor-top-section elementor-element elementor-element-ed9e05b elementor-section-boxed elementor-section-height-default elementor-section-height-default\" data-id=\"ed9e05b\" data-element_type=\"section\" data-e-type=\"section\">\n\t\t\t\t\t\t<div class=\"elementor-container elementor-column-gap-default\">\n\t\t\t\t\t<div class=\"elementor-column elementor-col-100 elementor-top-column elementor-element elementor-element-2fc8d45\" data-id=\"2fc8d45\" data-element_type=\"column\" data-e-type=\"column\">\n\t\t\t<div class=\"elementor-widget-wrap elementor-element-populated\">\n\t\t\t\t\t\t<div class=\"elementor-element elementor-element-e778104 elementor-invisible elementor-widget elementor-widget-text-editor\" data-id=\"e778104\" data-element_type=\"widget\" data-e-type=\"widget\" data-settings=\"{&quot;_animation&quot;:&quot;slideInUp&quot;,&quot;_animation_delay&quot;:400}\" data-widget_type=\"text-editor.default\">\n\t\t\t\t<div class=\"elementor-widget-container\">\n\t\t\t\t\t\t\t\t\t<p>GESELLSCHAFTSDATEN<\/p>\n<p>Gesellschaftsname: Vini Tonon SRL<br \/>\nGesch\u00e4fts- und Betriebssitz: Vini Tonon SRL &#8211; Via Carpesica 1 31029 Vittorio Veneto (TV), Ita<br \/>\nGesch\u00e4fts- und Betriebssitz: Vini Tonon SRL &#8211; Via Carpesica 1 31029 Vittorio Veneto (TV), Ita<br \/>\nSteuernummer: 01163440264<br \/>\nUmsatzsteuer-Identifikationsnummer: 01163440264<br \/>\nHandelsregisteramt: Treviso<\/p>\n<p>INFORMATIONSSCHRIFTEN UND EINWILLIGUNGEN DES UNTERNEHMENS<\/p>\n<p>Vini Tonon SRL<\/p>\n<p>Informationsschrift des Unternehmens zur Datenverarbeitung  (https:\/\/villateresa.bio\/de\/privacy-policy\/)<br \/>\nEinwilligung nach Aufkl\u00e4rung des Unternehmens \u00fcber die Datenverarbeitung (https:\/\/villateresa.bio\/de\/cookies\/)<\/p>\n<p>HINWEISE ZU URHEBERRECHTEN UND EINGETRAGENEN WARENZEICHEN<\/p>\n<p>Der gesamte Inhalt dieser Website wird von den Urheberrechten (copyright \u00a9) 2021 der Firma Vini Tonon SRLoder ihrer Zulieferer gesch\u00fctzt. Alle Rechte sind den Eigent\u00fcmern gesetzlich vorbehalten.<br \/>\nGem\u00e4\u00df Art. 1, Absatz 1 des Gesetzesdekrets Nr. 72 vom 22. M\u00e4rz 2004, so wie durch das Umwandlungsgesetz Nr. 128 vom 21. Mai 2004 ge\u00e4ndert, erf\u00fcllen die auf dieser Website befindlichen Inhalte die Verpflichtungen, die sich aus der Gesetzgebung \u00fcber das Urheberrecht und den damit verbundenen Rechten ergeben.<br \/>\nDie Vervielf\u00e4ltigung, die Mitteilung an die \u00d6ffentlichkeit, die \u00f6ffentliche Zug\u00e4nglichmachung, die Vermietung und der Verleih, die \u00f6ffentliche Ausf\u00fchrung und Verbreitung sind ohne Zustimmung des Inhabers der Rechte verboten.<\/p>\n<p>Verst\u00f6\u00dfe unterliegen den Sanktionen der Artikel 171, 171-bis, 171-ter, 174-bis und 174-ter des Gesetzes 633\/1941.<br \/>\nGem\u00e4\u00df Art. 5 des Gesetzes Nr. 633 vom 22. April 1941 \u00fcber den Schutz des Urheberrechts, unterliegen<br \/>\ndie Texte offizieller Dokumente des Staates und der \u00f6ffentlichen Verwaltungen, sowohl in Italien als auch im Ausland, nicht dem Urheberrecht.<br \/>\nDas angegebene Copyright bezieht sich auf die Verarbeitung und Darstellungsform der Texte selbst.<\/p>\n<p>Vermeintliche Urheberrechtsverletzungen<\/p>\n<p>Diese Mitteilungen m\u00fcssen schriftlich erfolgen und an die nachstehende Adresse, Faxnummer oder E-Mail-Adresse des zust\u00e4ndigen Vertreters von<br \/>\nVini Tonon SRLgesendet werden:<\/p>\n<p>Gesellschaftsname: Vini Tonon SRL &#8211; Via Carpesica 1 31029 Vittorio Veneto (TV), Ita<br \/>\nGesch\u00e4fts- und Betriebssitz: Vini Tonon SRL &#8211; Via Carpesica 1 31029 Vittorio Veneto (TV), Ita<br \/>\nPhone: +39 0438 920004 \u2013 Fax: &#8211;<br \/>\neM. info@vinitonon.com<\/p>\n\t\t\t\t\t\t\t\t<\/div>\n\t\t\t\t<\/div>\n\t\t\t\t\t<\/div>\n\t\t<\/div>\n\t\t\t\t\t<\/div>\n\t\t<\/section>\n\t\t\t\t<\/div>\n\t\t","protected":false},"excerpt":{"rendered":"<p>IT EN DE GESELLSCHAFTSDATEN Gesellschaftsname: Vini Tonon SRL Gesch\u00e4fts- und Betriebssitz: Vini Tonon SRL &#8211; Via Carpesica 1 31029 Vittorio Veneto (TV), Ita Gesch\u00e4fts- und Betriebssitz: Vini Tonon SRL &#8211; Via Carpesica 1 31029 Vittorio Veneto (TV), Ita Steuernummer: 01163440264 Umsatzsteuer-Identifikationsnummer: 01163440264 Handelsregisteramt: Treviso INFORMATIONSSCHRIFTEN UND EINWILLIGUNGEN DES UNTERNEHMENS Vini Tonon SRL Informationsschrift des Unternehmens [&hellip;]<\/p>\n","protected":false},"author":1,"featured_media":0,"parent":0,"menu_order":0,"comment_status":"closed","ping_status":"closed","template":"elementor_header_footer","meta":{"ocean_post_layout":"","ocean_both_sidebars_style":"","ocean_both_sidebars_content_width":0,"ocean_both_sidebars_sidebars_width":0,"ocean_sidebar":"","ocean_second_sidebar":"","ocean_disable_margins":"enable","ocean_add_body_class":"","ocean_shortcode_before_top_bar":"","ocean_shortcode_after_top_bar":"","ocean_shortcode_before_header":"","ocean_shortcode_after_header":"","ocean_has_shortcode":"","ocean_shortcode_after_title":"","ocean_shortcode_before_footer_widgets":"","ocean_shortcode_after_footer_widgets":"","ocean_shortcode_before_footer_bottom":"","ocean_shortcode_after_footer_bottom":"","ocean_display_top_bar":"default","ocean_display_header":"default","ocean_header_style":"","ocean_center_header_left_menu":"","ocean_custom_header_template":"","ocean_custom_logo":0,"ocean_custom_retina_logo":0,"ocean_custom_logo_max_width":0,"ocean_custom_logo_tablet_max_width":0,"ocean_custom_logo_mobile_max_width":0,"ocean_custom_logo_max_height":0,"ocean_custom_logo_tablet_max_height":0,"ocean_custom_logo_mobile_max_height":0,"ocean_header_custom_menu":"","ocean_menu_typo_font_family":"","ocean_menu_typo_font_subset":"","ocean_menu_typo_font_size":0,"ocean_menu_typo_font_size_tablet":0,"ocean_menu_typo_font_size_mobile":0,"ocean_menu_typo_font_size_unit":"px","ocean_menu_typo_font_weight":"","ocean_menu_typo_font_weight_tablet":"","ocean_menu_typo_font_weight_mobile":"","ocean_menu_typo_transform":"","ocean_menu_typo_transform_tablet":"","ocean_menu_typo_transform_mobile":"","ocean_menu_typo_line_height":0,"ocean_menu_typo_line_height_tablet":0,"ocean_menu_typo_line_height_mobile":0,"ocean_menu_typo_line_height_unit":"","ocean_menu_typo_spacing":0,"ocean_menu_typo_spacing_tablet":0,"ocean_menu_typo_spacing_mobile":0,"ocean_menu_typo_spacing_unit":"","ocean_menu_link_color":"","ocean_menu_link_color_hover":"","ocean_menu_link_color_active":"","ocean_menu_link_background":"","ocean_menu_link_hover_background":"","ocean_menu_link_active_background":"","ocean_menu_social_links_bg":"","ocean_menu_social_hover_links_bg":"","ocean_menu_social_links_color":"","ocean_menu_social_hover_links_color":"","ocean_disable_title":"default","ocean_disable_heading":"default","ocean_post_title":"","ocean_post_subheading":"","ocean_post_title_style":"","ocean_post_title_background_color":"","ocean_post_title_background":0,"ocean_post_title_bg_image_position":"","ocean_post_title_bg_image_attachment":"","ocean_post_title_bg_image_repeat":"","ocean_post_title_bg_image_size":"","ocean_post_title_height":0,"ocean_post_title_bg_overlay":0.5,"ocean_post_title_bg_overlay_color":"","ocean_disable_breadcrumbs":"default","ocean_breadcrumbs_color":"","ocean_breadcrumbs_separator_color":"","ocean_breadcrumbs_links_color":"","ocean_breadcrumbs_links_hover_color":"","ocean_display_footer_widgets":"default","ocean_display_footer_bottom":"default","ocean_custom_footer_template":"","footnotes":""},"class_list":["post-668","page","type-page","status-publish","hentry","entry"],"yoast_head":"<!-- This site is optimized with the Yoast SEO plugin v27.3 - https:\/\/yoast.com\/product\/yoast-seo-wordpress\/ -->\n<title>Info legali - Villa Teresa Bio<\/title>\n<meta name=\"robots\" content=\"index, follow, max-snippet:-1, max-image-preview:large, max-video-preview:-1\" \/>\n<link rel=\"canonical\" href=\"https:\/\/villateresa.bio\/de\/info-legali\/\" \/>\n<meta property=\"og:locale\" content=\"de_DE\" \/>\n<meta property=\"og:type\" content=\"article\" \/>\n<meta property=\"og:title\" content=\"Info legali - Villa Teresa Bio\" \/>\n<meta property=\"og:description\" content=\"IT EN DE GESELLSCHAFTSDATEN Gesellschaftsname: Vini Tonon SRL Gesch\u00e4fts- und Betriebssitz: Vini Tonon SRL &#8211; Via Carpesica 1 31029 Vittorio Veneto (TV), Ita Gesch\u00e4fts- und Betriebssitz: Vini Tonon SRL &#8211; Via Carpesica 1 31029 Vittorio Veneto (TV), Ita Steuernummer: 01163440264 Umsatzsteuer-Identifikationsnummer: 01163440264 Handelsregisteramt: Treviso INFORMATIONSSCHRIFTEN UND EINWILLIGUNGEN DES UNTERNEHMENS Vini Tonon SRL Informationsschrift des Unternehmens [&hellip;]\" \/>\n<meta property=\"og:url\" content=\"https:\/\/villateresa.bio\/de\/info-legali\/\" \/>\n<meta property=\"og:site_name\" content=\"Villa Teresa Bio\" \/>\n<meta property=\"article:modified_time\" content=\"2024-11-28T11:08:45+00:00\" \/>\n<meta name=\"twitter:card\" content=\"summary_large_image\" \/>\n<meta name=\"twitter:label1\" content=\"Est. reading time\" \/>\n\t<meta name=\"twitter:data1\" content=\"2 minutes\" \/>\n<script type=\"application\/ld+json\" class=\"yoast-schema-graph\">{\"@context\":\"https:\\\/\\\/schema.org\",\"@graph\":[{\"@type\":\"WebPage\",\"@id\":\"https:\\\/\\\/villateresa.bio\\\/de\\\/info-legali\\\/\",\"url\":\"https:\\\/\\\/villateresa.bio\\\/de\\\/info-legali\\\/\",\"name\":\"Info legali - Villa Teresa Bio\",\"isPartOf\":{\"@id\":\"https:\\\/\\\/villateresa.bio\\\/#website\"},\"datePublished\":\"2021-08-30T08:35:04+00:00\",\"dateModified\":\"2024-11-28T11:08:45+00:00\",\"breadcrumb\":{\"@id\":\"https:\\\/\\\/villateresa.bio\\\/de\\\/info-legali\\\/#breadcrumb\"},\"inLanguage\":\"de-DE\",\"potentialAction\":[{\"@type\":\"ReadAction\",\"target\":[\"https:\\\/\\\/villateresa.bio\\\/de\\\/info-legali\\\/\"]}]},{\"@type\":\"BreadcrumbList\",\"@id\":\"https:\\\/\\\/villateresa.bio\\\/de\\\/info-legali\\\/#breadcrumb\",\"itemListElement\":[{\"@type\":\"ListItem\",\"position\":1,\"name\":\"Home\",\"item\":\"https:\\\/\\\/villateresa.bio\\\/\"},{\"@type\":\"ListItem\",\"position\":2,\"name\":\"Info legali\"}]},{\"@type\":\"WebSite\",\"@id\":\"https:\\\/\\\/villateresa.bio\\\/#website\",\"url\":\"https:\\\/\\\/villateresa.bio\\\/\",\"name\":\"Villa Teresa Bio\",\"description\":\"\",\"publisher\":{\"@id\":\"https:\\\/\\\/villateresa.bio\\\/#organization\"},\"potentialAction\":[{\"@type\":\"SearchAction\",\"target\":{\"@type\":\"EntryPoint\",\"urlTemplate\":\"https:\\\/\\\/villateresa.bio\\\/?s={search_term_string}\"},\"query-input\":{\"@type\":\"PropertyValueSpecification\",\"valueRequired\":true,\"valueName\":\"search_term_string\"}}],\"inLanguage\":\"de-DE\"},{\"@type\":\"Organization\",\"@id\":\"https:\\\/\\\/villateresa.bio\\\/#organization\",\"name\":\"Villa Teresa\",\"url\":\"https:\\\/\\\/villateresa.bio\\\/\",\"logo\":{\"@type\":\"ImageObject\",\"inLanguage\":\"de-DE\",\"@id\":\"https:\\\/\\\/villateresa.bio\\\/#\\\/schema\\\/logo\\\/image\\\/\",\"url\":\"https:\\\/\\\/villateresa.bio\\\/wp-content\\\/uploads\\\/2021\\\/05\\\/logo-Villa-Teresa-1-1.png\",\"contentUrl\":\"https:\\\/\\\/villateresa.bio\\\/wp-content\\\/uploads\\\/2021\\\/05\\\/logo-Villa-Teresa-1-1.png\",\"width\":1375,\"height\":593,\"caption\":\"Villa Teresa\"},\"image\":{\"@id\":\"https:\\\/\\\/villateresa.bio\\\/#\\\/schema\\\/logo\\\/image\\\/\"}}]}<\/script>\n<!-- \/ Yoast SEO plugin. -->","yoast_head_json":{"title":"Info legali - Villa Teresa Bio","robots":{"index":"index","follow":"follow","max-snippet":"max-snippet:-1","max-image-preview":"max-image-preview:large","max-video-preview":"max-video-preview:-1"},"canonical":"https:\/\/villateresa.bio\/de\/info-legali\/","og_locale":"de_DE","og_type":"article","og_title":"Info legali - Villa Teresa Bio","og_description":"IT EN DE GESELLSCHAFTSDATEN Gesellschaftsname: Vini Tonon SRL Gesch\u00e4fts- und Betriebssitz: Vini Tonon SRL &#8211; Via Carpesica 1 31029 Vittorio Veneto (TV), Ita Gesch\u00e4fts- und Betriebssitz: Vini Tonon SRL &#8211; Via Carpesica 1 31029 Vittorio Veneto (TV), Ita Steuernummer: 01163440264 Umsatzsteuer-Identifikationsnummer: 01163440264 Handelsregisteramt: Treviso INFORMATIONSSCHRIFTEN UND EINWILLIGUNGEN DES UNTERNEHMENS Vini Tonon SRL Informationsschrift des Unternehmens [&hellip;]","og_url":"https:\/\/villateresa.bio\/de\/info-legali\/","og_site_name":"Villa Teresa Bio","article_modified_time":"2024-11-28T11:08:45+00:00","twitter_card":"summary_large_image","twitter_misc":{"Est. reading time":"2 minutes"},"schema":{"@context":"https:\/\/schema.org","@graph":[{"@type":"WebPage","@id":"https:\/\/villateresa.bio\/de\/info-legali\/","url":"https:\/\/villateresa.bio\/de\/info-legali\/","name":"Info legali - Villa Teresa Bio","isPartOf":{"@id":"https:\/\/villateresa.bio\/#website"},"datePublished":"2021-08-30T08:35:04+00:00","dateModified":"2024-11-28T11:08:45+00:00","breadcrumb":{"@id":"https:\/\/villateresa.bio\/de\/info-legali\/#breadcrumb"},"inLanguage":"de-DE","potentialAction":[{"@type":"ReadAction","target":["https:\/\/villateresa.bio\/de\/info-legali\/"]}]},{"@type":"BreadcrumbList","@id":"https:\/\/villateresa.bio\/de\/info-legali\/#breadcrumb","itemListElement":[{"@type":"ListItem","position":1,"name":"Home","item":"https:\/\/villateresa.bio\/"},{"@type":"ListItem","position":2,"name":"Info legali"}]},{"@type":"WebSite","@id":"https:\/\/villateresa.bio\/#website","url":"https:\/\/villateresa.bio\/","name":"Villa Teresa Bio","description":"","publisher":{"@id":"https:\/\/villateresa.bio\/#organization"},"potentialAction":[{"@type":"SearchAction","target":{"@type":"EntryPoint","urlTemplate":"https:\/\/villateresa.bio\/?s={search_term_string}"},"query-input":{"@type":"PropertyValueSpecification","valueRequired":true,"valueName":"search_term_string"}}],"inLanguage":"de-DE"},{"@type":"Organization","@id":"https:\/\/villateresa.bio\/#organization","name":"Villa Teresa","url":"https:\/\/villateresa.bio\/","logo":{"@type":"ImageObject","inLanguage":"de-DE","@id":"https:\/\/villateresa.bio\/#\/schema\/logo\/image\/","url":"https:\/\/villateresa.bio\/wp-content\/uploads\/2021\/05\/logo-Villa-Teresa-1-1.png","contentUrl":"https:\/\/villateresa.bio\/wp-content\/uploads\/2021\/05\/logo-Villa-Teresa-1-1.png","width":1375,"height":593,"caption":"Villa Teresa"},"image":{"@id":"https:\/\/villateresa.bio\/#\/schema\/logo\/image\/"}}]}},"_links":{"self":[{"href":"https:\/\/villateresa.bio\/de\/wp-json\/wp\/v2\/pages\/668","targetHints":{"allow":["GET"]}}],"collection":[{"href":"https:\/\/villateresa.bio\/de\/wp-json\/wp\/v2\/pages"}],"about":[{"href":"https:\/\/villateresa.bio\/de\/wp-json\/wp\/v2\/types\/page"}],"author":[{"embeddable":true,"href":"https:\/\/villateresa.bio\/de\/wp-json\/wp\/v2\/users\/1"}],"replies":[{"embeddable":true,"href":"https:\/\/villateresa.bio\/de\/wp-json\/wp\/v2\/comments?post=668"}],"version-history":[{"count":4,"href":"https:\/\/villateresa.bio\/de\/wp-json\/wp\/v2\/pages\/668\/revisions"}],"predecessor-version":[{"id":1862,"href":"https:\/\/villateresa.bio\/de\/wp-json\/wp\/v2\/pages\/668\/revisions\/1862"}],"wp:attachment":[{"href":"https:\/\/villateresa.bio\/de\/wp-json\/wp\/v2\/media?parent=668"}],"curies":[{"name":"wp","href":"https:\/\/api.w.org\/{rel}","templated":true}]}}