{"id":601,"date":"2021-08-27T17:07:51","date_gmt":"2021-08-27T15:07:51","guid":{"rendered":"http:\/\/villateresa.bio\/biologisch\/"},"modified":"2024-11-28T09:51:26","modified_gmt":"2024-11-28T08:51:26","slug":"biologisch","status":"publish","type":"page","link":"https:\/\/villateresa.bio\/de\/biologisch\/","title":{"rendered":"Biologisch"},"content":{"rendered":"\t\t<div data-elementor-type=\"wp-page\" data-elementor-id=\"601\" class=\"elementor elementor-601 elementor-44\" data-elementor-post-type=\"page\">\n\t\t\t\t\t\t<section class=\"elementor-section elementor-top-section elementor-element elementor-element-9b3e0d2 elementor-section-full_width elementor-section-height-min-height elementor-section-content-bottom elementor-hidden-tablet elementor-hidden-mobile elementor-section-height-default elementor-section-items-middle\" data-id=\"9b3e0d2\" data-element_type=\"section\" data-e-type=\"section\" data-settings=\"{&quot;background_background&quot;:&quot;classic&quot;}\">\n\t\t\t\t\t\t\t<div class=\"elementor-background-overlay\"><\/div>\n\t\t\t\t\t\t\t<div class=\"elementor-container elementor-column-gap-no\">\n\t\t\t\t\t<div class=\"elementor-column elementor-col-100 elementor-top-column elementor-element elementor-element-a5f5a2c\" data-id=\"a5f5a2c\" data-element_type=\"column\" data-e-type=\"column\">\n\t\t\t<div class=\"elementor-widget-wrap elementor-element-populated\">\n\t\t\t\t\t\t<section class=\"elementor-section elementor-inner-section elementor-element elementor-element-a972432 elementor-section-content-bottom elementor-section-boxed elementor-section-height-default elementor-section-height-default\" data-id=\"a972432\" data-element_type=\"section\" data-e-type=\"section\">\n\t\t\t\t\t\t<div class=\"elementor-container elementor-column-gap-default\">\n\t\t\t\t\t<div class=\"elementor-column elementor-col-50 elementor-inner-column elementor-element elementor-element-654a373\" data-id=\"654a373\" data-element_type=\"column\" data-e-type=\"column\">\n\t\t\t<div class=\"elementor-widget-wrap elementor-element-populated\">\n\t\t\t\t\t\t<div class=\"elementor-element elementor-element-6d97ef9 lingue elementor-absolute elementor-widget elementor-widget-wpml-language-switcher\" data-id=\"6d97ef9\" data-element_type=\"widget\" data-e-type=\"widget\" data-settings=\"{&quot;_position&quot;:&quot;absolute&quot;}\" data-widget_type=\"wpml-language-switcher.default\">\n\t\t\t\t<div class=\"elementor-widget-container\">\n\t\t\t\t\t<div class=\"wpml-elementor-ls\">\n<div role=\"navigation\" aria-label=\"Sprachwechsler\" class=\"wpml-ls-statics-shortcode_actions wpml-ls wpml-ls-legacy-list-horizontal\">\n\t<ul><li class=\"wpml-ls-slot-shortcode_actions wpml-ls-item wpml-ls-item-it wpml-ls-first-item wpml-ls-item-legacy-list-horizontal\">\n\t\t\t\t<a href=\"https:\/\/villateresa.bio\/\" hreflang=\"it\" lang=\"it\" class=\"wpml-ls-link\" aria-label=\"Wechseln zu IT\" title=\"Wechseln zu IT\">\n\t\t\t\t\t<span class=\"wpml-ls-display\">IT<\/span><\/a>\n\t\t\t<\/li><li class=\"wpml-ls-slot-shortcode_actions wpml-ls-item wpml-ls-item-en wpml-ls-item-legacy-list-horizontal\">\n\t\t\t\t<a href=\"https:\/\/villateresa.bio\/en\/\" hreflang=\"en\" lang=\"en\" class=\"wpml-ls-link\" aria-label=\"Wechseln zu EN\" title=\"Wechseln zu EN\">\n\t\t\t\t\t<span class=\"wpml-ls-display\">EN<\/span><\/a>\n\t\t\t<\/li><li class=\"wpml-ls-slot-shortcode_actions wpml-ls-item wpml-ls-item-de wpml-ls-current-language wpml-ls-last-item wpml-ls-item-legacy-list-horizontal\">\n\t\t\t\t<a href=\"https:\/\/villateresa.bio\/de\/\" hreflang=\"de\" lang=\"de\" class=\"wpml-ls-link\" aria-current=\"page\" aria-label=\"Wechseln zu DE\" title=\"Wechseln zu DE\">\n\t\t\t\t\t<span class=\"wpml-ls-native\">DE<\/span><\/a>\n\t\t\t<\/li><\/ul>\n<\/div>\n<\/div>\t\t\t\t<\/div>\n\t\t\t\t<\/div>\n\t\t\t\t\t<\/div>\n\t\t<\/div>\n\t\t\t\t<div class=\"elementor-column elementor-col-50 elementor-inner-column elementor-element elementor-element-da14cb9\" data-id=\"da14cb9\" data-element_type=\"column\" data-e-type=\"column\">\n\t\t\t<div class=\"elementor-widget-wrap elementor-element-populated\">\n\t\t\t\t\t\t<div class=\"elementor-element elementor-element-084178d elementor-invisible elementor-widget elementor-widget-heading\" data-id=\"084178d\" data-element_type=\"widget\" data-e-type=\"widget\" data-settings=\"{&quot;_animation&quot;:&quot;fadeInLeft&quot;}\" data-widget_type=\"heading.default\">\n\t\t\t\t<div class=\"elementor-widget-container\">\n\t\t\t\t\t<h1 class=\"elementor-heading-title elementor-size-default\">Biologisch<\/h1>\t\t\t\t<\/div>\n\t\t\t\t<\/div>\n\t\t\t\t\t<\/div>\n\t\t<\/div>\n\t\t\t\t\t<\/div>\n\t\t<\/section>\n\t\t\t\t\t<\/div>\n\t\t<\/div>\n\t\t\t\t\t<\/div>\n\t\t<\/section>\n\t\t\t\t<section class=\"elementor-section elementor-top-section elementor-element elementor-element-b0d4305 elementor-hidden-desktop elementor-section-boxed elementor-section-height-default elementor-section-height-default\" data-id=\"b0d4305\" data-element_type=\"section\" data-e-type=\"section\" data-settings=\"{&quot;background_background&quot;:&quot;classic&quot;}\">\n\t\t\t\t\t\t<div class=\"elementor-container elementor-column-gap-default\">\n\t\t\t\t\t<div class=\"elementor-column elementor-col-100 elementor-top-column elementor-element elementor-element-b5bf0b1\" data-id=\"b5bf0b1\" data-element_type=\"column\" data-e-type=\"column\">\n\t\t\t<div class=\"elementor-widget-wrap elementor-element-populated\">\n\t\t\t\t\t\t<div class=\"elementor-element elementor-element-1299ae2 elementor-invisible elementor-widget elementor-widget-heading\" data-id=\"1299ae2\" data-element_type=\"widget\" data-e-type=\"widget\" data-settings=\"{&quot;_animation&quot;:&quot;fadeInLeft&quot;}\" data-widget_type=\"heading.default\">\n\t\t\t\t<div class=\"elementor-widget-container\">\n\t\t\t\t\t<h1 class=\"elementor-heading-title elementor-size-default\">Biologisch<\/h1>\t\t\t\t<\/div>\n\t\t\t\t<\/div>\n\t\t\t\t\t<\/div>\n\t\t<\/div>\n\t\t\t\t\t<\/div>\n\t\t<\/section>\n\t\t\t\t<section class=\"elementor-section elementor-top-section elementor-element elementor-element-32bb204 elementor-section-height-min-height elementor-section-boxed elementor-section-height-default elementor-section-items-middle\" data-id=\"32bb204\" data-element_type=\"section\" data-e-type=\"section\">\n\t\t\t\t\t\t\t<div class=\"elementor-background-overlay\"><\/div>\n\t\t\t\t\t\t\t<div class=\"elementor-container elementor-column-gap-default\">\n\t\t\t\t\t<div class=\"elementor-column elementor-col-50 elementor-top-column elementor-element elementor-element-f7a4ebd\" data-id=\"f7a4ebd\" data-element_type=\"column\" data-e-type=\"column\">\n\t\t\t<div class=\"elementor-widget-wrap elementor-element-populated\">\n\t\t\t\t\t\t<div class=\"elementor-element elementor-element-0f3ded9 elementor-invisible elementor-widget elementor-widget-image\" data-id=\"0f3ded9\" data-element_type=\"widget\" data-e-type=\"widget\" data-settings=\"{&quot;_animation&quot;:&quot;zoomIn&quot;}\" data-widget_type=\"image.default\">\n\t\t\t\t<div class=\"elementor-widget-container\">\n\t\t\t\t\t\t\t\t\t\t\t\t\t\t\t<img fetchpriority=\"high\" decoding=\"async\" width=\"960\" height=\"640\" src=\"https:\/\/villateresa.bio\/wp-content\/uploads\/2021\/07\/vine-leaves-3674755_960_720.jpg\" class=\"attachment-full size-full wp-image-521\" alt=\"\" srcset=\"https:\/\/villateresa.bio\/wp-content\/uploads\/2021\/07\/vine-leaves-3674755_960_720.jpg 960w, https:\/\/villateresa.bio\/wp-content\/uploads\/2021\/07\/vine-leaves-3674755_960_720-300x200.jpg 300w, https:\/\/villateresa.bio\/wp-content\/uploads\/2021\/07\/vine-leaves-3674755_960_720-768x512.jpg 768w\" sizes=\"(max-width: 960px) 100vw, 960px\" \/>\t\t\t\t\t\t\t\t\t\t\t\t\t\t\t<\/div>\n\t\t\t\t<\/div>\n\t\t\t\t\t<\/div>\n\t\t<\/div>\n\t\t\t\t<div class=\"elementor-column elementor-col-50 elementor-top-column elementor-element elementor-element-3280a99\" data-id=\"3280a99\" data-element_type=\"column\" data-e-type=\"column\">\n\t\t\t<div class=\"elementor-widget-wrap elementor-element-populated\">\n\t\t\t\t\t\t<div class=\"elementor-element elementor-element-12f02c5 elementor-invisible elementor-widget elementor-widget-heading\" data-id=\"12f02c5\" data-element_type=\"widget\" data-e-type=\"widget\" data-settings=\"{&quot;_animation&quot;:&quot;fadeInLeft&quot;}\" data-widget_type=\"heading.default\">\n\t\t\t\t<div class=\"elementor-widget-container\">\n\t\t\t\t\t<h2 class=\"elementor-heading-title elementor-size-default\">100% Bio-Trauben<\/h2>\t\t\t\t<\/div>\n\t\t\t\t<\/div>\n\t\t\t\t<div class=\"elementor-element elementor-element-5934c8f elementor-invisible elementor-widget elementor-widget-text-editor\" data-id=\"5934c8f\" data-element_type=\"widget\" data-e-type=\"widget\" data-settings=\"{&quot;_animation&quot;:&quot;slideInUp&quot;,&quot;_animation_delay&quot;:400}\" data-widget_type=\"text-editor.default\">\n\t\t\t\t<div class=\"elementor-widget-container\">\n\t\t\t\t\t\t\t\t\t<p>Die VILLA TERESA\u00ae-Linie verbessert den Ressourceneinsatz unter Ber\u00fccksichtigung der Umwelt und der Gesundheit der Verbraucher.<br \/>\nUnser Wein stammt aus 100% Bio-Trauben, die ohne Verwendung synthetischer Chemikalien angebaut sind und dann im Keller mit zertifizierten Bio-Weinprodukten verarbeitet werden.<br \/>\nDer Weinberg mit seinen Pflanzen und seinen Fr\u00fcchten wird sorgf\u00e4ltig gen\u00e4hrt, um einen gesunden und nat\u00fcrlichen Wein zu erhalten.<br \/>\nDer Wein enth\u00e4lt keine gesundheitsgef\u00e4hrdenden Zusatzstoffe und wird mit Techniken verarbeitet, die die biologische Vielfalt und das Gleichgewicht der Umwelt sch\u00fctzen.<\/p>\n\t\t\t\t\t\t\t\t<\/div>\n\t\t\t\t<\/div>\n\t\t\t\t\t<\/div>\n\t\t<\/div>\n\t\t\t\t\t<\/div>\n\t\t<\/section>\n\t\t\t\t<section class=\"elementor-section elementor-top-section elementor-element elementor-element-04ad83e elementor-section-height-min-height elementor-reverse-mobile elementor-section-boxed elementor-section-height-default elementor-section-items-middle\" data-id=\"04ad83e\" data-element_type=\"section\" data-e-type=\"section\" data-settings=\"{&quot;background_background&quot;:&quot;classic&quot;}\">\n\t\t\t\t\t\t<div class=\"elementor-container elementor-column-gap-default\">\n\t\t\t\t\t<div class=\"elementor-column elementor-col-50 elementor-top-column elementor-element elementor-element-ae428e0\" data-id=\"ae428e0\" data-element_type=\"column\" data-e-type=\"column\">\n\t\t\t<div class=\"elementor-widget-wrap elementor-element-populated\">\n\t\t\t\t\t\t<div class=\"elementor-element elementor-element-42a94dd animated-slow elementor-absolute elementor-invisible elementor-widget elementor-widget-image\" data-id=\"42a94dd\" data-element_type=\"widget\" data-e-type=\"widget\" data-settings=\"{&quot;_animation&quot;:&quot;rotateInDownLeft&quot;,&quot;_animation_delay&quot;:200,&quot;_position&quot;:&quot;absolute&quot;}\" data-widget_type=\"image.default\">\n\t\t\t\t<div class=\"elementor-widget-container\">\n\t\t\t\t\t\t\t\t\t\t\t\t\t\t\t<img decoding=\"async\" width=\"267\" height=\"264\" src=\"https:\/\/villateresa.bio\/wp-content\/uploads\/2021\/06\/Villa_teresa_illustrazione_foglia.png\" class=\"attachment-large size-large wp-image-592\" alt=\"\" \/>\t\t\t\t\t\t\t\t\t\t\t\t\t\t\t<\/div>\n\t\t\t\t<\/div>\n\t\t\t\t<div class=\"elementor-element elementor-element-63cc9b1 elementor-invisible elementor-widget elementor-widget-heading\" data-id=\"63cc9b1\" data-element_type=\"widget\" data-e-type=\"widget\" data-settings=\"{&quot;_animation&quot;:&quot;fadeInLeft&quot;}\" data-widget_type=\"heading.default\">\n\t\t\t\t<div class=\"elementor-widget-container\">\n\t\t\t\t\t<h2 class=\"elementor-heading-title elementor-size-default\">Vegane Weine<\/h2>\t\t\t\t<\/div>\n\t\t\t\t<\/div>\n\t\t\t\t<div class=\"elementor-element elementor-element-ddad37f elementor-invisible elementor-widget elementor-widget-text-editor\" data-id=\"ddad37f\" data-element_type=\"widget\" data-e-type=\"widget\" data-settings=\"{&quot;_animation&quot;:&quot;slideInUp&quot;,&quot;_animation_delay&quot;:400}\" data-widget_type=\"text-editor.default\">\n\t\t\t\t<div class=\"elementor-widget-container\">\n\t\t\t\t\t\t\t\t\t<p>Die heutige Technologie und Erfahrung unserer Agronomen erm\u00f6glicht es uns, mit neuen Spitzenprodukten zu experimentieren und einen hervorragenden Bio-Wein anzubieten.<br \/>\nVILLA TERESA\u00ae: eine ges\u00fcndere, nat\u00fcrlichere Art zu trinken, bei der die Umwelt st\u00e4rker ber\u00fccksichtigt wird.<br \/>\nVILLA TERESA\u00ae-Weine sind VEGAN-, ICEA- und AIAB-zertifiziert, Institute, die auch von ausl\u00e4ndischen Zertifizierungsstellen anerkannt sind.<\/p>\n\t\t\t\t\t\t\t\t<\/div>\n\t\t\t\t<\/div>\n\t\t\t\t\t<\/div>\n\t\t<\/div>\n\t\t\t\t<div class=\"elementor-column elementor-col-50 elementor-top-column elementor-element elementor-element-a2f8b23\" data-id=\"a2f8b23\" data-element_type=\"column\" data-e-type=\"column\">\n\t\t\t<div class=\"elementor-widget-wrap elementor-element-populated\">\n\t\t\t\t\t\t<div class=\"elementor-element elementor-element-07b50cf elementor-hidden-mobile elementor-widget-divider--view-line elementor-widget elementor-widget-divider\" data-id=\"07b50cf\" data-element_type=\"widget\" data-e-type=\"widget\" data-widget_type=\"divider.default\">\n\t\t\t\t<div class=\"elementor-widget-container\">\n\t\t\t\t\t\t\t<div class=\"elementor-divider\">\n\t\t\t<span class=\"elementor-divider-separator\">\n\t\t\t\t\t\t<\/span>\n\t\t<\/div>\n\t\t\t\t\t\t<\/div>\n\t\t\t\t<\/div>\n\t\t\t\t<div class=\"elementor-element elementor-element-1589a16 elementor-widget elementor-widget-image\" data-id=\"1589a16\" data-element_type=\"widget\" data-e-type=\"widget\" data-widget_type=\"image.default\">\n\t\t\t\t<div class=\"elementor-widget-container\">\n\t\t\t\t\t\t\t\t\t\t\t\t\t\t\t<img decoding=\"async\" width=\"960\" height=\"640\" src=\"https:\/\/villateresa.bio\/wp-content\/uploads\/2021\/07\/grapes-3633316_960_720.jpg\" class=\"attachment-large size-large wp-image-527\" alt=\"\" srcset=\"https:\/\/villateresa.bio\/wp-content\/uploads\/2021\/07\/grapes-3633316_960_720.jpg 960w, https:\/\/villateresa.bio\/wp-content\/uploads\/2021\/07\/grapes-3633316_960_720-300x200.jpg 300w, https:\/\/villateresa.bio\/wp-content\/uploads\/2021\/07\/grapes-3633316_960_720-768x512.jpg 768w\" sizes=\"(max-width: 960px) 100vw, 960px\" \/>\t\t\t\t\t\t\t\t\t\t\t\t\t\t\t<\/div>\n\t\t\t\t<\/div>\n\t\t\t\t<div class=\"elementor-element elementor-element-f01309c elementor-hidden-mobile elementor-widget-divider--view-line elementor-widget elementor-widget-divider\" data-id=\"f01309c\" data-element_type=\"widget\" data-e-type=\"widget\" data-widget_type=\"divider.default\">\n\t\t\t\t<div class=\"elementor-widget-container\">\n\t\t\t\t\t\t\t<div class=\"elementor-divider\">\n\t\t\t<span class=\"elementor-divider-separator\">\n\t\t\t\t\t\t<\/span>\n\t\t<\/div>\n\t\t\t\t\t\t<\/div>\n\t\t\t\t<\/div>\n\t\t\t\t\t<\/div>\n\t\t<\/div>\n\t\t\t\t\t<\/div>\n\t\t<\/section>\n\t\t\t\t<\/div>\n\t\t","protected":false},"excerpt":{"rendered":"<p>IT EN DE 100% Bio-Trauben Die VILLA TERESA\u00ae-Linie verbessert den Ressourceneinsatz unter Ber\u00fccksichtigung der Umwelt und der Gesundheit der Verbraucher. Unser Wein stammt aus 100% Bio-Trauben, die ohne Verwendung synthetischer Chemikalien angebaut sind und dann im Keller mit zertifizierten Bio-Weinprodukten verarbeitet werden. Der Weinberg mit seinen Pflanzen und seinen Fr\u00fcchten wird sorgf\u00e4ltig gen\u00e4hrt, um einen [&hellip;]<\/p>\n","protected":false},"author":1,"featured_media":0,"parent":0,"menu_order":0,"comment_status":"closed","ping_status":"closed","template":"elementor_header_footer","meta":{"ocean_post_layout":"","ocean_both_sidebars_style":"","ocean_both_sidebars_content_width":0,"ocean_both_sidebars_sidebars_width":0,"ocean_sidebar":"0","ocean_second_sidebar":"0","ocean_disable_margins":"enable","ocean_add_body_class":"","ocean_shortcode_before_top_bar":"","ocean_shortcode_after_top_bar":"","ocean_shortcode_before_header":"","ocean_shortcode_after_header":"","ocean_has_shortcode":"","ocean_shortcode_after_title":"","ocean_shortcode_before_footer_widgets":"","ocean_shortcode_after_footer_widgets":"","ocean_shortcode_before_footer_bottom":"","ocean_shortcode_after_footer_bottom":"","ocean_display_top_bar":"default","ocean_display_header":"default","ocean_header_style":"","ocean_center_header_left_menu":"0","ocean_custom_header_template":"0","ocean_custom_logo":0,"ocean_custom_retina_logo":0,"ocean_custom_logo_max_width":0,"ocean_custom_logo_tablet_max_width":0,"ocean_custom_logo_mobile_max_width":0,"ocean_custom_logo_max_height":0,"ocean_custom_logo_tablet_max_height":0,"ocean_custom_logo_mobile_max_height":0,"ocean_header_custom_menu":"0","ocean_menu_typo_font_family":"0","ocean_menu_typo_font_subset":"","ocean_menu_typo_font_size":0,"ocean_menu_typo_font_size_tablet":0,"ocean_menu_typo_font_size_mobile":0,"ocean_menu_typo_font_size_unit":"px","ocean_menu_typo_font_weight":"","ocean_menu_typo_font_weight_tablet":"","ocean_menu_typo_font_weight_mobile":"","ocean_menu_typo_transform":"","ocean_menu_typo_transform_tablet":"","ocean_menu_typo_transform_mobile":"","ocean_menu_typo_line_height":0,"ocean_menu_typo_line_height_tablet":0,"ocean_menu_typo_line_height_mobile":0,"ocean_menu_typo_line_height_unit":"","ocean_menu_typo_spacing":0,"ocean_menu_typo_spacing_tablet":0,"ocean_menu_typo_spacing_mobile":0,"ocean_menu_typo_spacing_unit":"","ocean_menu_link_color":"","ocean_menu_link_color_hover":"","ocean_menu_link_color_active":"","ocean_menu_link_background":"","ocean_menu_link_hover_background":"","ocean_menu_link_active_background":"","ocean_menu_social_links_bg":"","ocean_menu_social_hover_links_bg":"","ocean_menu_social_links_color":"","ocean_menu_social_hover_links_color":"","ocean_disable_title":"default","ocean_disable_heading":"default","ocean_post_title":"","ocean_post_subheading":"","ocean_post_title_style":"","ocean_post_title_background_color":"","ocean_post_title_background":0,"ocean_post_title_bg_image_position":"","ocean_post_title_bg_image_attachment":"","ocean_post_title_bg_image_repeat":"","ocean_post_title_bg_image_size":"","ocean_post_title_height":0,"ocean_post_title_bg_overlay":0.5,"ocean_post_title_bg_overlay_color":"","ocean_disable_breadcrumbs":"default","ocean_breadcrumbs_color":"","ocean_breadcrumbs_separator_color":"","ocean_breadcrumbs_links_color":"","ocean_breadcrumbs_links_hover_color":"","ocean_display_footer_widgets":"default","ocean_display_footer_bottom":"default","ocean_custom_footer_template":"0","footnotes":""},"class_list":["post-601","page","type-page","status-publish","hentry","entry"],"yoast_head":"<!-- This site is optimized with the Yoast SEO plugin v27.4 - https:\/\/yoast.com\/product\/yoast-seo-wordpress\/ -->\n<title>Biologisch - Villa Teresa Bio<\/title>\n<meta name=\"robots\" content=\"index, follow, max-snippet:-1, max-image-preview:large, max-video-preview:-1\" \/>\n<link rel=\"canonical\" href=\"https:\/\/villateresa.bio\/biologico\/\" \/>\n<meta property=\"og:locale\" content=\"de_DE\" \/>\n<meta property=\"og:type\" content=\"article\" \/>\n<meta property=\"og:title\" content=\"Biologisch - Villa Teresa Bio\" \/>\n<meta property=\"og:description\" content=\"IT EN DE 100% Bio-Trauben Die VILLA TERESA\u00ae-Linie verbessert den Ressourceneinsatz unter Ber\u00fccksichtigung der Umwelt und der Gesundheit der Verbraucher. Unser Wein stammt aus 100% Bio-Trauben, die ohne Verwendung synthetischer Chemikalien angebaut sind und dann im Keller mit zertifizierten Bio-Weinprodukten verarbeitet werden. Der Weinberg mit seinen Pflanzen und seinen Fr\u00fcchten wird sorgf\u00e4ltig gen\u00e4hrt, um einen [&hellip;]\" \/>\n<meta property=\"og:url\" content=\"https:\/\/villateresa.bio\/biologico\/\" \/>\n<meta property=\"og:site_name\" content=\"Villa Teresa Bio\" \/>\n<meta property=\"article:modified_time\" content=\"2024-11-28T08:51:26+00:00\" \/>\n<meta property=\"og:image\" content=\"https:\/\/villateresa.bio\/wp-content\/uploads\/2021\/07\/vine-leaves-3674755_960_720.jpg\" \/>\n\t<meta property=\"og:image:width\" content=\"960\" \/>\n\t<meta property=\"og:image:height\" content=\"640\" \/>\n\t<meta property=\"og:image:type\" content=\"image\/jpeg\" \/>\n<meta name=\"twitter:card\" content=\"summary_large_image\" \/>\n<meta name=\"twitter:label1\" content=\"Est. reading time\" \/>\n\t<meta name=\"twitter:data1\" content=\"2 minutes\" \/>\n<script type=\"application\/ld+json\" class=\"yoast-schema-graph\">{\"@context\":\"https:\\\/\\\/schema.org\",\"@graph\":[{\"@type\":\"WebPage\",\"@id\":\"https:\\\/\\\/villateresa.bio\\\/biologico\\\/\",\"url\":\"https:\\\/\\\/villateresa.bio\\\/biologico\\\/\",\"name\":\"Biologisch - Villa Teresa Bio\",\"isPartOf\":{\"@id\":\"https:\\\/\\\/villateresa.bio\\\/#website\"},\"primaryImageOfPage\":{\"@id\":\"https:\\\/\\\/villateresa.bio\\\/biologico\\\/#primaryimage\"},\"image\":{\"@id\":\"https:\\\/\\\/villateresa.bio\\\/biologico\\\/#primaryimage\"},\"thumbnailUrl\":\"https:\\\/\\\/villateresa.bio\\\/wp-content\\\/uploads\\\/2021\\\/07\\\/vine-leaves-3674755_960_720.jpg\",\"datePublished\":\"2021-08-27T15:07:51+00:00\",\"dateModified\":\"2024-11-28T08:51:26+00:00\",\"breadcrumb\":{\"@id\":\"https:\\\/\\\/villateresa.bio\\\/biologico\\\/#breadcrumb\"},\"inLanguage\":\"de-DE\",\"potentialAction\":[{\"@type\":\"ReadAction\",\"target\":[\"https:\\\/\\\/villateresa.bio\\\/biologico\\\/\"]}]},{\"@type\":\"ImageObject\",\"inLanguage\":\"de-DE\",\"@id\":\"https:\\\/\\\/villateresa.bio\\\/biologico\\\/#primaryimage\",\"url\":\"https:\\\/\\\/villateresa.bio\\\/wp-content\\\/uploads\\\/2021\\\/07\\\/vine-leaves-3674755_960_720.jpg\",\"contentUrl\":\"https:\\\/\\\/villateresa.bio\\\/wp-content\\\/uploads\\\/2021\\\/07\\\/vine-leaves-3674755_960_720.jpg\"},{\"@type\":\"BreadcrumbList\",\"@id\":\"https:\\\/\\\/villateresa.bio\\\/biologico\\\/#breadcrumb\",\"itemListElement\":[{\"@type\":\"ListItem\",\"position\":1,\"name\":\"Home\",\"item\":\"https:\\\/\\\/villateresa.bio\\\/\"},{\"@type\":\"ListItem\",\"position\":2,\"name\":\"Biologisch\"}]},{\"@type\":\"WebSite\",\"@id\":\"https:\\\/\\\/villateresa.bio\\\/#website\",\"url\":\"https:\\\/\\\/villateresa.bio\\\/\",\"name\":\"Villa Teresa Bio\",\"description\":\"\",\"publisher\":{\"@id\":\"https:\\\/\\\/villateresa.bio\\\/#organization\"},\"potentialAction\":[{\"@type\":\"SearchAction\",\"target\":{\"@type\":\"EntryPoint\",\"urlTemplate\":\"https:\\\/\\\/villateresa.bio\\\/?s={search_term_string}\"},\"query-input\":{\"@type\":\"PropertyValueSpecification\",\"valueRequired\":true,\"valueName\":\"search_term_string\"}}],\"inLanguage\":\"de-DE\"},{\"@type\":\"Organization\",\"@id\":\"https:\\\/\\\/villateresa.bio\\\/#organization\",\"name\":\"Villa Teresa\",\"url\":\"https:\\\/\\\/villateresa.bio\\\/\",\"logo\":{\"@type\":\"ImageObject\",\"inLanguage\":\"de-DE\",\"@id\":\"https:\\\/\\\/villateresa.bio\\\/#\\\/schema\\\/logo\\\/image\\\/\",\"url\":\"https:\\\/\\\/villateresa.bio\\\/wp-content\\\/uploads\\\/2021\\\/05\\\/logo-Villa-Teresa-1-1.png\",\"contentUrl\":\"https:\\\/\\\/villateresa.bio\\\/wp-content\\\/uploads\\\/2021\\\/05\\\/logo-Villa-Teresa-1-1.png\",\"width\":1375,\"height\":593,\"caption\":\"Villa Teresa\"},\"image\":{\"@id\":\"https:\\\/\\\/villateresa.bio\\\/#\\\/schema\\\/logo\\\/image\\\/\"}}]}<\/script>\n<!-- \/ Yoast SEO plugin. -->","yoast_head_json":{"title":"Biologisch - Villa Teresa Bio","robots":{"index":"index","follow":"follow","max-snippet":"max-snippet:-1","max-image-preview":"max-image-preview:large","max-video-preview":"max-video-preview:-1"},"canonical":"https:\/\/villateresa.bio\/biologico\/","og_locale":"de_DE","og_type":"article","og_title":"Biologisch - Villa Teresa Bio","og_description":"IT EN DE 100% Bio-Trauben Die VILLA TERESA\u00ae-Linie verbessert den Ressourceneinsatz unter Ber\u00fccksichtigung der Umwelt und der Gesundheit der Verbraucher. Unser Wein stammt aus 100% Bio-Trauben, die ohne Verwendung synthetischer Chemikalien angebaut sind und dann im Keller mit zertifizierten Bio-Weinprodukten verarbeitet werden. Der Weinberg mit seinen Pflanzen und seinen Fr\u00fcchten wird sorgf\u00e4ltig gen\u00e4hrt, um einen [&hellip;]","og_url":"https:\/\/villateresa.bio\/biologico\/","og_site_name":"Villa Teresa Bio","article_modified_time":"2024-11-28T08:51:26+00:00","og_image":[{"width":960,"height":640,"url":"https:\/\/villateresa.bio\/wp-content\/uploads\/2021\/07\/vine-leaves-3674755_960_720.jpg","type":"image\/jpeg"}],"twitter_card":"summary_large_image","twitter_misc":{"Est. reading time":"2 minutes"},"schema":{"@context":"https:\/\/schema.org","@graph":[{"@type":"WebPage","@id":"https:\/\/villateresa.bio\/biologico\/","url":"https:\/\/villateresa.bio\/biologico\/","name":"Biologisch - Villa Teresa Bio","isPartOf":{"@id":"https:\/\/villateresa.bio\/#website"},"primaryImageOfPage":{"@id":"https:\/\/villateresa.bio\/biologico\/#primaryimage"},"image":{"@id":"https:\/\/villateresa.bio\/biologico\/#primaryimage"},"thumbnailUrl":"https:\/\/villateresa.bio\/wp-content\/uploads\/2021\/07\/vine-leaves-3674755_960_720.jpg","datePublished":"2021-08-27T15:07:51+00:00","dateModified":"2024-11-28T08:51:26+00:00","breadcrumb":{"@id":"https:\/\/villateresa.bio\/biologico\/#breadcrumb"},"inLanguage":"de-DE","potentialAction":[{"@type":"ReadAction","target":["https:\/\/villateresa.bio\/biologico\/"]}]},{"@type":"ImageObject","inLanguage":"de-DE","@id":"https:\/\/villateresa.bio\/biologico\/#primaryimage","url":"https:\/\/villateresa.bio\/wp-content\/uploads\/2021\/07\/vine-leaves-3674755_960_720.jpg","contentUrl":"https:\/\/villateresa.bio\/wp-content\/uploads\/2021\/07\/vine-leaves-3674755_960_720.jpg"},{"@type":"BreadcrumbList","@id":"https:\/\/villateresa.bio\/biologico\/#breadcrumb","itemListElement":[{"@type":"ListItem","position":1,"name":"Home","item":"https:\/\/villateresa.bio\/"},{"@type":"ListItem","position":2,"name":"Biologisch"}]},{"@type":"WebSite","@id":"https:\/\/villateresa.bio\/#website","url":"https:\/\/villateresa.bio\/","name":"Villa Teresa Bio","description":"","publisher":{"@id":"https:\/\/villateresa.bio\/#organization"},"potentialAction":[{"@type":"SearchAction","target":{"@type":"EntryPoint","urlTemplate":"https:\/\/villateresa.bio\/?s={search_term_string}"},"query-input":{"@type":"PropertyValueSpecification","valueRequired":true,"valueName":"search_term_string"}}],"inLanguage":"de-DE"},{"@type":"Organization","@id":"https:\/\/villateresa.bio\/#organization","name":"Villa Teresa","url":"https:\/\/villateresa.bio\/","logo":{"@type":"ImageObject","inLanguage":"de-DE","@id":"https:\/\/villateresa.bio\/#\/schema\/logo\/image\/","url":"https:\/\/villateresa.bio\/wp-content\/uploads\/2021\/05\/logo-Villa-Teresa-1-1.png","contentUrl":"https:\/\/villateresa.bio\/wp-content\/uploads\/2021\/05\/logo-Villa-Teresa-1-1.png","width":1375,"height":593,"caption":"Villa Teresa"},"image":{"@id":"https:\/\/villateresa.bio\/#\/schema\/logo\/image\/"}}]}},"_links":{"self":[{"href":"https:\/\/villateresa.bio\/de\/wp-json\/wp\/v2\/pages\/601","targetHints":{"allow":["GET"]}}],"collection":[{"href":"https:\/\/villateresa.bio\/de\/wp-json\/wp\/v2\/pages"}],"about":[{"href":"https:\/\/villateresa.bio\/de\/wp-json\/wp\/v2\/types\/page"}],"author":[{"embeddable":true,"href":"https:\/\/villateresa.bio\/de\/wp-json\/wp\/v2\/users\/1"}],"replies":[{"embeddable":true,"href":"https:\/\/villateresa.bio\/de\/wp-json\/wp\/v2\/comments?post=601"}],"version-history":[{"count":8,"href":"https:\/\/villateresa.bio\/de\/wp-json\/wp\/v2\/pages\/601\/revisions"}],"predecessor-version":[{"id":1832,"href":"https:\/\/villateresa.bio\/de\/wp-json\/wp\/v2\/pages\/601\/revisions\/1832"}],"wp:attachment":[{"href":"https:\/\/villateresa.bio\/de\/wp-json\/wp\/v2\/media?parent=601"}],"curies":[{"name":"wp","href":"https:\/\/api.w.org\/{rel}","templated":true}]}}